

{"id":775,"date":"2021-05-10T13:39:00","date_gmt":"2021-05-10T11:39:00","guid":{"rendered":"https:\/\/ui.iit.cnr.it\/?page_id=775"},"modified":"2024-01-10T15:33:50","modified_gmt":"2024-01-10T14:33:50","slug":"in-progress","status":"publish","type":"page","link":"https:\/\/cyb.iit.cnr.it\/en\/projects\/in-progress\/","title":{"rendered":"In progress"},"content":{"rendered":"<h4 class=\"wp-block-heading\"><strong><a href=\"https:\/\/ppp.sobigdata.eu\">SoBigData RI PPP \u2013 SoBigData Research Infrastructure Preparatory Phase Project (gug)<\/a><\/strong><\/h4>\n\n\n\n<p><br><em>1 ottobre 2022 \u2013 30 settembre 2025<br><\/em><br>La SoBigData Research Infrastructure (RI) \u00e8 un&#8217;infrastruttura di ricerca distribuita che punta all&#8217;utilizzo di social mining, big data e intelligenza artificiale allo scopo di ottenere una migliore consapevolezza delle societ\u00e0 moderne e interconnesse. In questo contesto, SoBigData RI Preparation Phase Project (PPP) rappresenta la fase preparatoria della SoBigData RI nella ESFRI RoadMap 2021. Questa fase mira a superare la semplice consapevolezza delle sfide etiche e legali connesse al social mining, sviluppando strumenti concreti per rendere operativa una progettazione sensibile a problemi di privacy, equit\u00e0, trasparenza e pluralismo. Un obiettivo cruciale del progetto \u00e8 rendere la SoBigData RI un&#8217;entit\u00e0 autonoma e sostenibile nel lungo termine.<\/p>\n\n\n\n<h4 class=\"wp-block-heading\"><br><br><strong>DETERRENCE<\/strong><\/h4>\n\n\n\n<p><em>1 gennaio 2023 &#8211; 31 dicembre 2025<\/em><br><br>Il progetto DETERRENCE fa parte della <a href=\"http:\/\/www.serics.eu\">Fondazione SERICS &#8211; Security and Rights in CyberSpace<\/a>. SERICS \u00e8 finanziata &#8211; nell&#8217;ambito del Piano Nazionale di Ripresa e Resilienza, supportato dall&#8217;Unione Europea &#8211; NextGenerationEU. La Fondazione include 10 Spokes. L&#8217;attivit\u00e0 della Cyber Intelligence Research Unit si esprime all&#8217;interno dello Spoke 2, <em>Disinformazione e Fake New<\/em>s, attraverso il progetto chiamato DETERRENCE &#8211; DEcision supporT SystEm foR cybeR intelligENCE coordinato dall&#8217;unit\u00e0 CI.<br>L&#8217;obiettivo principale del progetto DETERRENCE \u00e8 studiare il fenomeno del Disordine Informativo sui social media con l&#8217;obiettivo di progettare una <em>proof of concept <\/em>di strumenti decisionali (DSS) per monitorare e mitigare il suo impatto, sia per gli individui che per la societ\u00e0 in generale.<\/p>\n\n\n\n<h4 class=\"wp-block-heading\"><br><br><strong>PIANO \u2013 Personalized Interventions Against Online Toxicity<\/strong><\/h4>\n\n\n\n<p><br><em>28 Settembre 2023 \u2013 27 Settembre 2025<br><\/em><br>PIANO \u00e8 un progetto PRIN 2022 coordinato dallo IIT che si colloca nell\u2019ambito di ricerca della moderazione dei contenuti online. Il progetto ha un duplice obiettivo: contribuire alla comprensione della relazione tra le caratteristiche degli utenti delle piattaforme social e le loro reazioni agli interventi di moderazione, e sfruttare la conoscenza di tale relazione per realizzare degli interventi di moderazione personalizzati sulle caratteristiche degli utenti. Lo scopo ultimo di PIANO \u00e8 infatti la realizzazione di nuovi ed efficaci interventi di moderazione contro le forme di tossicit\u00e0 online. Il progetto vede la collaborazione di ricercatori del Dipartimento di Informatica dell\u2019Universit\u00e0 di Pisa e di una Professoressa di Psicologia Generale dell\u2019Universit\u00e0 di Foggia.<\/p>\n\n\n\n<p><br><br><\/p>\n\n\n\n<h4 class=\"wp-block-heading\" id=\"block-fe0cd730-b745-4b92-b138-7630d0412714\"><a href=\"http:\/\/sobigdata.eu\" target=\"_blank\" rel=\"noreferrer noopener\"><img decoding=\"async\" style=\"width: 200px;\" src=\"https:\/\/cyb.iit.cnr.it\/wp-content\/uploads\/2021\/05\/logo-SoBigData-RI.png\" alt=\"\"><\/a><\/h4>\n\n\n\n<h4 class=\"wp-block-heading\"><br><span style=\"color:#003157\" class=\"has-inline-color\"><strong><strong><a href=\"http:\/\/sobigdata.eu\">SoBigData++<\/a><\/strong><\/strong><\/span> <strong><span style=\"color:#003157\" class=\"has-inline-color\">&#8211; European Integrated Infrastructure for Social Mining and Big Data Analytics<\/span><\/strong><\/h4>\n\n\n\n<p><br><em><em>1 gennaio 2020 &#8211; 31 dicembre 2023<\/em><\/em><br><br>SoBigData ++ \u00e8 il progetto europeo che si configura come l\u2019implementazione del precedente Progetto SoBigData (2015-2019). Il progetto ha l\u2019obiettivo di dare vita ad un&#8217;infrastruttura di ricerca distribuita, paneuropea e multidisciplinare per l&#8217;analisi dei big social data, e al contempo supportare il consolidamento di una comunit\u00e0 di ricerca europea interdisciplinare, finalizzata all&#8217;utilizzo del social mining e dei big data per comprendere la complessit\u00e0 del nostro contemporaneo, ormai una societ\u00e0 interconnessa a livello globale.<br><strong>Referente progetto:<\/strong> <a href=\"https:\/\/www.iit.cnr.it\/maurizio.tesconi\" target=\"_blank\" rel=\"noreferrer noopener\">Maurizio Tesconi<\/a><\/p>\n\n\n\n<h4 class=\"wp-block-heading\"><br><br><br><span style=\"background-color:rgba(0, 0, 0, 0);color:#003157\" class=\"has-inline-color\"><strong><strong>Trasferimento Tecnologico verso le forze dell\u2019ordine<\/strong><\/strong><\/span><\/h4>\n\n\n\n<p><\/p>\n\n\n\n<p>Con i progetti di trasferimento tecnologico, la Cyber Intelligence Research Unit si impegna a fornire ai vari committenti pubblici servizi di ricerca, studio, progettazione ed implementazione di componenti ad alta tecnologia. Il focus riguarda soprattutto servizi di consulenza sull&#8217;analisi dei social media per fini di Intelligence finalizzata allo sviluppo di moduli software in grado di fornire analisi ad elevato valore aggiunto per supportare le attivit\u00e0 svolte dalle forze dell\u2019ordine.<\/p>\n\n\n\n<p><br><br><\/p>\n\n\n\n<h4 class=\"wp-block-heading\" id=\"block-fe0cd730-b745-4b92-b138-7630d0412714\"><a href=\"http:\/\/sobigdata.eu\" target=\"_blank\" rel=\"noreferrer noopener\"><img decoding=\"async\" style=\"width: 200px;\" src=\"https:\/\/cyb.iit.cnr.it\/wp-content\/uploads\/2021\/05\/logo-SoBigData-RI.png\" alt=\"\"><\/a><\/h4>\n\n\n\n<h4 class=\"wp-block-heading\"><br><span style=\"color:#003157\" class=\"has-inline-color\"><strong><strong><a href=\"http:\/\/sobigdata.eu\">SoBigData++<\/a><\/strong><\/strong><\/span> <strong><span style=\"color:#003157\" class=\"has-inline-color\">&#8211; European Integrated Infrastructure for Social Mining and Big Data Analytics<\/span><\/strong><\/h4>\n\n\n\n<p><br>SoBigData++ strives to deliver a distributed, Pan-European, multi-disciplinary research infrastructure for big social data analytics, coupled with the consolidation of a cross-disciplinary European research community, aimed at using social mining and big data to understand the complexity of our contemporary, globally-interconnected society. SoBigData++ is set to advance on such ambitious tasks thanks to SoBigData, the predecessor project that started this construction in 2015.<br><strong>Referente progetto:<\/strong> <a rel=\"noreferrer noopener\" href=\"https:\/\/www.iit.cnr.it\/maurizio.tesconi\" target=\"_blank\">Maurizio Tesconi<\/a><\/p>\n\n\n\n<h4 class=\"wp-block-heading\"><br><br><br><span style=\"color:#003157\" class=\"has-inline-color\"><strong><strong>Technology transfer for the law enforcement<\/strong><\/strong><\/span><\/h4>\n\n\n\n<p><br>With its technology transfer projects, the Cyber Intelligence Research Unit is committed to providing various public clients with research services, study, design and implementation of high-tech components. The focus mainly concerns consulting services on the analysis of social media for Intelligence purposes, aimed at developing software modules that can provide high added value analysis to support the activities carried out by law enforcement agencies.<br><\/p>","protected":false},"excerpt":{"rendered":"<p>SoBigData RI PPP \u2013 SoBigData Research Infrastructure Preparatory Phase Project (gug) 1 ottobre 2022 \u2013 30 settembre 2025La SoBigData Research Infrastructure (RI) \u00e8 un&#8217;infrastruttura di ricerca distribuita che punta all&#8217;utilizzo di social mining, big data e intelligenza artificiale allo scopo di ottenere una migliore consapevolezza delle societ\u00e0 moderne e interconnesse. In questo contesto, SoBigData RI [&hellip;]<\/p>\n","protected":false},"author":2,"featured_media":0,"parent":683,"menu_order":23,"comment_status":"closed","ping_status":"closed","template":"pagina_con_sottopagine.php","meta":{"footnotes":""},"class_list":["post-775","page","type-page","status-publish","hentry"],"_links":{"self":[{"href":"https:\/\/cyb.iit.cnr.it\/en\/wp-json\/wp\/v2\/pages\/775","targetHints":{"allow":["GET"]}}],"collection":[{"href":"https:\/\/cyb.iit.cnr.it\/en\/wp-json\/wp\/v2\/pages"}],"about":[{"href":"https:\/\/cyb.iit.cnr.it\/en\/wp-json\/wp\/v2\/types\/page"}],"author":[{"embeddable":true,"href":"https:\/\/cyb.iit.cnr.it\/en\/wp-json\/wp\/v2\/users\/2"}],"replies":[{"embeddable":true,"href":"https:\/\/cyb.iit.cnr.it\/en\/wp-json\/wp\/v2\/comments?post=775"}],"version-history":[{"count":3,"href":"https:\/\/cyb.iit.cnr.it\/en\/wp-json\/wp\/v2\/pages\/775\/revisions"}],"predecessor-version":[{"id":1211,"href":"https:\/\/cyb.iit.cnr.it\/en\/wp-json\/wp\/v2\/pages\/775\/revisions\/1211"}],"up":[{"embeddable":true,"href":"https:\/\/cyb.iit.cnr.it\/en\/wp-json\/wp\/v2\/pages\/683"}],"wp:attachment":[{"href":"https:\/\/cyb.iit.cnr.it\/en\/wp-json\/wp\/v2\/media?parent=775"}],"curies":[{"name":"wp","href":"https:\/\/api.w.org\/{rel}","templated":true}]}}